{"id":228,"date":"2025-06-17T14:56:59","date_gmt":"2025-06-17T14:56:59","guid":{"rendered":"https:\/\/labradio.pl\/?page_id=228"},"modified":"2025-10-03T13:38:46","modified_gmt":"2025-10-03T13:38:46","slug":"tworczosc-internetowa","status":"publish","type":"page","link":"https:\/\/labradio.pl\/?page_id=228","title":{"rendered":"Tw\u00f3rczo\u015b\u0107 internetowa"},"content":{"rendered":"\n\n\n\n\n<p><\/p>\n","protected":false},"excerpt":{"rendered":"","protected":false},"author":1,"featured_media":0,"parent":0,"menu_order":0,"comment_status":"closed","ping_status":"closed","template":"full-width","meta":{"saved_in_kubio":true,"footnotes":""},"class_list":["post-228","page","type-page","status-publish","hentry"],"kubio_ai_page_context":{"short_desc":"","purpose":"general"},"_links":{"self":[{"href":"https:\/\/labradio.pl\/index.php?rest_route=\/wp\/v2\/pages\/228","targetHints":{"allow":["GET"]}}],"collection":[{"href":"https:\/\/labradio.pl\/index.php?rest_route=\/wp\/v2\/pages"}],"about":[{"href":"https:\/\/labradio.pl\/index.php?rest_route=\/wp\/v2\/types\/page"}],"author":[{"embeddable":true,"href":"https:\/\/labradio.pl\/index.php?rest_route=\/wp\/v2\/users\/1"}],"replies":[{"embeddable":true,"href":"https:\/\/labradio.pl\/index.php?rest_route=%2Fwp%2Fv2%2Fcomments&post=228"}],"version-history":[{"count":12,"href":"https:\/\/labradio.pl\/index.php?rest_route=\/wp\/v2\/pages\/228\/revisions"}],"predecessor-version":[{"id":357,"href":"https:\/\/labradio.pl\/index.php?rest_route=\/wp\/v2\/pages\/228\/revisions\/357"}],"wp:attachment":[{"href":"https:\/\/labradio.pl\/index.php?rest_route=%2Fwp%2Fv2%2Fmedia&parent=228"}],"curies":[{"name":"wp","href":"https:\/\/api.w.org\/{rel}","templated":true}]}}